{"id":1908,"date":"2023-11-29T16:42:37","date_gmt":"2023-11-29T15:42:37","guid":{"rendered":"http:\/\/www.HydraulikProfi.com\/?page_id=1908"},"modified":"2023-11-30T14:07:03","modified_gmt":"2023-11-30T13:07:03","slug":"abholung-beauftragen","status":"publish","type":"page","link":"https:\/\/www.HydraulikProfi.com\/?page_id=1908","title":{"rendered":"Abholung beauftragen"},"content":{"rendered":"\n<p>Wenn Sie m\u00f6chten, dass wir uns um die Abholung Ihrer defekten Komponente k\u00fcmmern, bitten wir Sie um Angabe aller relevanten Informationen. <\/p>\n\n\n\n<p>Bitte beachten Sie, dass Kosten f\u00fcr Paketdienstleister oder Speditionen im Zusammenhang mit der Abholung anfallen und berechnet werden m\u00fcssen. Nachdem die genauen Kosten ermittelt wurden, werden wir uns umgehend bei Ihnen melden, um alles zu koordinieren. <\/p>\n\n\n\n<p>Ihre Zufriedenheit liegt uns am Herzen, und wir setzen alles daran, den Abholprozess so reibungslos wie m\u00f6glich zu gestalten.<\/p>\n\n\n\n<div class=\"wpforms-container wpforms-container-full\" id=\"wpforms-1883\"><form id=\"wpforms-form-1883\" class=\"wpforms-validate wpforms-form wpforms-ajax-form\" data-formid=\"1883\" method=\"post\" enctype=\"multipart\/form-data\" action=\"\/index.php?rest_route=%2Fwp%2Fv2%2Fpages%2F1908\" data-token=\"694e4cd4233d73303f90c63f8359a896\"><noscript class=\"wpforms-error-noscript\">Bitte aktiviere JavaScript in deinem Browser, um dieses Formular fertigzustellen.<\/noscript><div class=\"wpforms-field-container\"><div id=\"wpforms-1883-field_6-container\" class=\"wpforms-field wpforms-field-select wpforms-field-select-style-classic\" data-field-id=\"6\"><label class=\"wpforms-field-label wpforms-label-hide\" for=\"wpforms-1883-field_6\">Auswahl<\/label><select id=\"wpforms-1883-field_6\" class=\"wpforms-field-medium\" name=\"wpforms[fields][6]\"><option value=\"Hydraulikventil(e)\" >Hydraulikventil(e)<\/option><option value=\"Pumpe(n)\" >Pumpe(n)<\/option><option value=\"Motor(en)\" >Motor(en)<\/option><option value=\"Zylinder\" >Zylinder<\/option><\/select><\/div><div id=\"wpforms-1883-field_4-container\" class=\"wpforms-field wpforms-field-text\" data-field-id=\"4\"><label class=\"wpforms-field-label wpforms-label-hide\" for=\"wpforms-1883-field_4\">Firmenname <span class=\"wpforms-required-label\">*<\/span><\/label><input type=\"text\" id=\"wpforms-1883-field_4\" class=\"wpforms-field-medium wpforms-field-required\" name=\"wpforms[fields][4]\" value=\"Firmenname\" required><\/div><div id=\"wpforms-1883-field_9-container\" class=\"wpforms-field wpforms-field-text\" data-field-id=\"9\"><label class=\"wpforms-field-label wpforms-label-hide\" for=\"wpforms-1883-field_9\">Telefonnr. <span class=\"wpforms-required-label\">*<\/span><\/label><input type=\"text\" id=\"wpforms-1883-field_9\" class=\"wpforms-field-medium wpforms-field-required\" name=\"wpforms[fields][9]\" value=\"Telefonnr.\" required><\/div><div id=\"wpforms-1883-field_5-container\" class=\"wpforms-field wpforms-field-text\" data-field-id=\"5\"><label class=\"wpforms-field-label wpforms-label-hide\" for=\"wpforms-1883-field_5\">Strasse<\/label><input type=\"text\" id=\"wpforms-1883-field_5\" class=\"wpforms-field-medium\" name=\"wpforms[fields][5]\" value=\"Strasse\" ><\/div><div id=\"wpforms-1883-field_7-container\" class=\"wpforms-field wpforms-field-text\" data-field-id=\"7\"><label class=\"wpforms-field-label wpforms-label-hide\" for=\"wpforms-1883-field_7\">Postleitzahl<\/label><input type=\"text\" id=\"wpforms-1883-field_7\" class=\"wpforms-field-medium\" name=\"wpforms[fields][7]\" value=\"Postleitzahl\" ><\/div><div id=\"wpforms-1883-field_8-container\" class=\"wpforms-field wpforms-field-text\" data-field-id=\"8\"><label class=\"wpforms-field-label wpforms-label-hide\" for=\"wpforms-1883-field_8\">Ort<\/label><input type=\"text\" id=\"wpforms-1883-field_8\" class=\"wpforms-field-medium\" name=\"wpforms[fields][8]\" value=\"Ort\" ><\/div><div id=\"wpforms-1883-field_2-container\" class=\"wpforms-field wpforms-field-textarea\" data-field-id=\"2\"><label class=\"wpforms-field-label wpforms-label-hide\" for=\"wpforms-1883-field_2\">Abmessungen &amp; Gewicht <span class=\"wpforms-required-label\">*<\/span><\/label><textarea id=\"wpforms-1883-field_2\" class=\"wpforms-field-medium wpforms-field-required\" name=\"wpforms[fields][2]\" required>Abmessungen & Gewicht<\/textarea><\/div><\/div><div class=\"wpforms-submit-container\"><input type=\"hidden\" name=\"wpforms[id]\" value=\"1883\"><input type=\"hidden\" name=\"wpforms[author]\" value=\"1\"><button type=\"submit\" name=\"wpforms[submit]\" id=\"wpforms-submit-1883\" class=\"wpforms-submit\" data-alt-text=\"Senden\u2026\" data-submit-text=\"Absenden\" aria-live=\"assertive\" value=\"wpforms-submit\">Absenden<\/button><img src=\"https:\/\/www.HydraulikProfi.com\/wp-content\/plugins\/wpforms-lite\/assets\/images\/submit-spin.svg\" class=\"wpforms-submit-spinner\" style=\"display: none;\" width=\"26\" height=\"26\" alt=\"Wird geladen\"><\/div><\/form><\/div>  <!-- .wpforms-container -->\n","protected":false},"excerpt":{"rendered":"<p>Wenn Sie m\u00f6chten, dass wir uns um die Abholung Ihrer defekten Komponente k\u00fcmmern, bitten wir Sie um Angabe aller relevanten Informationen. Bitte beachten Sie, dass Kosten f\u00fcr Paketdienstleister oder Speditionen &#8230;<\/p>\n","protected":false},"author":1,"featured_media":0,"parent":0,"menu_order":0,"comment_status":"closed","ping_status":"closed","template":"","meta":[],"_links":{"self":[{"href":"https:\/\/www.HydraulikProfi.com\/index.php?rest_route=\/wp\/v2\/pages\/1908"}],"collection":[{"href":"https:\/\/www.HydraulikProfi.com\/index.php?rest_route=\/wp\/v2\/pages"}],"about":[{"href":"https:\/\/www.HydraulikProfi.com\/index.php?rest_route=\/wp\/v2\/types\/page"}],"author":[{"embeddable":true,"href":"https:\/\/www.HydraulikProfi.com\/index.php?rest_route=\/wp\/v2\/users\/1"}],"replies":[{"embeddable":true,"href":"https:\/\/www.HydraulikProfi.com\/index.php?rest_route=%2Fwp%2Fv2%2Fcomments&post=1908"}],"version-history":[{"count":2,"href":"https:\/\/www.HydraulikProfi.com\/index.php?rest_route=\/wp\/v2\/pages\/1908\/revisions"}],"predecessor-version":[{"id":1955,"href":"https:\/\/www.HydraulikProfi.com\/index.php?rest_route=\/wp\/v2\/pages\/1908\/revisions\/1955"}],"wp:attachment":[{"href":"https:\/\/www.HydraulikProfi.com\/index.php?rest_route=%2Fwp%2Fv2%2Fmedia&parent=1908"}],"curies":[{"name":"wp","href":"https:\/\/api.w.org\/{rel}","templated":true}]}}