{"id":1930,"date":"2023-11-30T13:30:51","date_gmt":"2023-11-30T12:30:51","guid":{"rendered":"http:\/\/www.HydraulikProfi.com\/?page_id=1930"},"modified":"2023-11-30T14:22:31","modified_gmt":"2023-11-30T13:22:31","slug":"pruefung-und-reparatur-von-proportionalventilen-und-servoventilen-aller-fuehrenden-hersteller","status":"publish","type":"page","link":"https:\/\/www.HydraulikProfi.com\/?page_id=1930","title":{"rendered":"Pr\u00fcfung und Reparatur von Proportionalventilen und Servoventilen"},"content":{"rendered":"\n<p>Entdecken Sie Perfektion in der Hydraulik! Wir bieten Ihnen erstklassige Pr\u00fcfung und Reparatur von Proportionalventilen und Servoventilen aller f\u00fchrenden Hersteller.<\/p>\n\n\n\n<p><strong>Ihre Vorteile:<\/strong><\/p>\n\n\n\n<p>\u2705 <em><strong>Expertise<\/strong>:<\/em> Unsere hochqualifizierten Techniker verf\u00fcgen \u00fcber umfassende Erfahrung in der Pr\u00fcfung und Reparatur von Proportionalventilen und Servoventilen verschiedenster Marken.<\/p>\n\n\n\n<p>\u2705 <em><strong>Effizienzsteigerung<\/strong>:<\/em> Verlassen Sie sich auf uns, um die optimale Leistung Ihrer Ventile sicherzustellen. Effiziente Pr\u00fcfverfahren und hochwertige Reparaturen f\u00fchren zu einer nachhaltigen Steigerung Ihrer Anlageneffizienz.<\/p>\n\n\n\n<p>\u2705 <em><strong>Kosteneffizienz<\/strong>:<\/em> Wir verstehen, wie wichtig Budgets sind. Unsere Dienstleistungen bieten nicht nur h\u00f6chste Qualit\u00e4t, sondern auch ein unschlagbares Preis-Leistungs-Verh\u00e4ltnis. Sparen Sie Geld, ohne Kompromisse bei der Qualit\u00e4t einzugehen.<\/p>\n\n\n\n<p>\u2705 <em><strong>Schnelle Abwicklung<\/strong>:<\/em> Zeit ist Geld. Unsere Experten arbeiten z\u00fcgig, um Ihre Ventile schnell und effektiv zu pr\u00fcfen und zu reparieren. Minimieren Sie Ausfallzeiten und maximieren Sie die Betriebszeit Ihrer Anlagen.<\/p>\n\n\n\n<p>\u2705 <em><strong>Komplettservice<\/strong>:<\/em> Von der Diagnose bis zur Reparatur \u2013 wir bieten einen Rundum-Service. Verlassen Sie sich darauf, dass Ihre Ventile in erfahrenen H\u00e4nden sind.<\/p>\n\n\n\n<p>Vertrauen Sie auf unsere Fachkompetenz und genie\u00dfen Sie eine reibungslose Funktion Ihrer Hydrauliksysteme. Kontaktieren Sie uns jetzt f\u00fcr eine umfassende Pr\u00fcfung und Reparatur Ihrer Proportionalventile und Servoventile. Qualit\u00e4t, auf die Sie sich verlassen k\u00f6nnen!<\/p>\n\n\n\n<figure class=\"is-layout-flex wp-block-gallery-1 wp-block-gallery has-nested-images columns-default is-cropped\">\n<figure class=\"wp-block-image size-large\"><img decoding=\"async\" loading=\"lazy\" width=\"1024\" height=\"768\" data-id=\"1959\"  src=\"http:\/\/www.HydraulikProfi.com\/wp-content\/uploads\/2023\/11\/reparatur-elektronik-platine-hydraulik-servoventile-proportionalventile-1024x768.jpg\" alt=\"\" class=\"wp-image-1959\" srcset=\"http:\/\/www.HydraulikProfi.com\/wp-content\/uploads\/2023\/11\/reparatur-elektronik-platine-hydraulik-servoventile-proportionalventile-1024x768.jpg 1024w, http:\/\/www.HydraulikProfi.com\/wp-content\/uploads\/2023\/11\/reparatur-elektronik-platine-hydraulik-servoventile-proportionalventile-300x225.jpg 300w, http:\/\/www.HydraulikProfi.com\/wp-content\/uploads\/2023\/11\/reparatur-elektronik-platine-hydraulik-servoventile-proportionalventile-768x576.jpg 768w, http:\/\/www.HydraulikProfi.com\/wp-content\/uploads\/2023\/11\/reparatur-elektronik-platine-hydraulik-servoventile-proportionalventile-1536x1152.jpg 1536w, http:\/\/www.HydraulikProfi.com\/wp-content\/uploads\/2023\/11\/reparatur-elektronik-platine-hydraulik-servoventile-proportionalventile-2048x1536.jpg 2048w\" sizes=\"(max-width: 1024px) 100vw, 1024px\" \/><\/figure>\n\n\n\n<figure class=\"wp-block-image size-large\"><img decoding=\"async\" loading=\"lazy\" width=\"1024\" height=\"768\" data-id=\"1961\"  src=\"http:\/\/www.HydraulikProfi.com\/wp-content\/uploads\/2023\/11\/reparatur-hydraulik-servoventile-proportionalventile-1024x768.jpg\" alt=\"\" class=\"wp-image-1961\" srcset=\"http:\/\/www.HydraulikProfi.com\/wp-content\/uploads\/2023\/11\/reparatur-hydraulik-servoventile-proportionalventile-1024x768.jpg 1024w, http:\/\/www.HydraulikProfi.com\/wp-content\/uploads\/2023\/11\/reparatur-hydraulik-servoventile-proportionalventile-300x225.jpg 300w, http:\/\/www.HydraulikProfi.com\/wp-content\/uploads\/2023\/11\/reparatur-hydraulik-servoventile-proportionalventile-768x576.jpg 768w, http:\/\/www.HydraulikProfi.com\/wp-content\/uploads\/2023\/11\/reparatur-hydraulik-servoventile-proportionalventile-1536x1152.jpg 1536w, http:\/\/www.HydraulikProfi.com\/wp-content\/uploads\/2023\/11\/reparatur-hydraulik-servoventile-proportionalventile-2048x1536.jpg 2048w\" sizes=\"(max-width: 1024px) 100vw, 1024px\" \/><\/figure>\n<\/figure>\n","protected":false},"excerpt":{"rendered":"<p>Entdecken Sie Perfektion in der Hydraulik! Wir bieten Ihnen erstklassige Pr\u00fcfung und Reparatur von Proportionalventilen und Servoventilen aller f\u00fchrenden Hersteller. Ihre Vorteile: \u2705 Expertise: Unsere hochqualifizierten Techniker verf\u00fcgen \u00fcber umfassende &#8230;<\/p>\n","protected":false},"author":1,"featured_media":0,"parent":0,"menu_order":0,"comment_status":"closed","ping_status":"closed","template":"","meta":[],"_links":{"self":[{"href":"https:\/\/www.HydraulikProfi.com\/index.php?rest_route=\/wp\/v2\/pages\/1930"}],"collection":[{"href":"https:\/\/www.HydraulikProfi.com\/index.php?rest_route=\/wp\/v2\/pages"}],"about":[{"href":"https:\/\/www.HydraulikProfi.com\/index.php?rest_route=\/wp\/v2\/types\/page"}],"author":[{"embeddable":true,"href":"https:\/\/www.HydraulikProfi.com\/index.php?rest_route=\/wp\/v2\/users\/1"}],"replies":[{"embeddable":true,"href":"https:\/\/www.HydraulikProfi.com\/index.php?rest_route=%2Fwp%2Fv2%2Fcomments&post=1930"}],"version-history":[{"count":4,"href":"https:\/\/www.HydraulikProfi.com\/index.php?rest_route=\/wp\/v2\/pages\/1930\/revisions"}],"predecessor-version":[{"id":1962,"href":"https:\/\/www.HydraulikProfi.com\/index.php?rest_route=\/wp\/v2\/pages\/1930\/revisions\/1962"}],"wp:attachment":[{"href":"https:\/\/www.HydraulikProfi.com\/index.php?rest_route=%2Fwp%2Fv2%2Fmedia&parent=1930"}],"curies":[{"name":"wp","href":"https:\/\/api.w.org\/{rel}","templated":true}]}}