{"id":1935,"date":"2023-11-30T13:39:00","date_gmt":"2023-11-30T12:39:00","guid":{"rendered":"http:\/\/www.HydraulikProfi.com\/?page_id=1935"},"modified":"2023-11-30T14:35:00","modified_gmt":"2023-11-30T13:35:00","slug":"pruefung-und-reparatur-von-hydraulikpumpen","status":"publish","type":"page","link":"https:\/\/www.HydraulikProfi.com\/?page_id=1935","title":{"rendered":"Pr\u00fcfung und Reparatur von Hydraulikpumpen"},"content":{"rendered":"\n<p>Tauchen Sie ein in die Welt der makellosen Hydraulikleistung! Wir bieten exzellente Pr\u00fcfung und Reparatur von Hydraulikpumpen, einschlie\u00dflich Radialkolbenpumpen, Axialkolbenpumpen und mehr, von allen f\u00fchrenden Herstellern.<\/p>\n\n\n\n<p><strong>Warum uns w\u00e4hlen?<\/strong><\/p>\n\n\n\n<p>\u2705 <em><strong>Fachkompetenz<\/strong>:<\/em> Unsere hochqualifizierten Techniker sind wahre Experten auf dem Gebiet der Hydraulikpumpen. Mit umfassendem Know-how bieten wir erstklassige Dienstleistungen f\u00fcr alle Arten von Pumpen.<\/p>\n\n\n\n<p>\u2705 <em><strong>Optimierte Leistung<\/strong>:<\/em> Sorgen Sie daf\u00fcr, dass Ihre Hydraulikpumpen in Topform sind. Durch unsere gr\u00fcndlichen Pr\u00fcfungen und hochwertigen Reparaturen maximieren wir die Leistung Ihrer Pumpen und optimieren die Effizienz Ihrer gesamten Anlage.<\/p>\n\n\n\n<p>\u2705 <em><strong>Kosteneffizienz<\/strong>:<\/em> H\u00f6chste Qualit\u00e4t muss nicht teuer sein. Mit uns erhalten Sie nicht nur erstklassige Reparaturen, sondern auch ein unschlagbares Preis-Leistungs-Verh\u00e4ltnis. Sparen Sie Kosten, ohne Kompromisse bei der Qualit\u00e4t einzugehen.<\/p>\n\n\n\n<p>\u2705 <em><strong>Zeitersparnis<\/strong>:<\/em> Wir wissen, dass Zeit kostbar ist. Unsere Experten arbeiten effizient, um Ihre Hydraulikpumpen schnell zu pr\u00fcfen und zu reparieren. Minimieren Sie Ausfallzeiten und halten Sie Ihre Anlagen in Bewegung.<\/p>\n\n\n\n<p>\u2705 <em><strong>Komplettbetreuung<\/strong>:<\/em> Von der eingehenden Diagnose bis zur abschlie\u00dfenden Reparatur bieten wir einen umfassenden Service. Verlassen Sie sich darauf, dass Ihre Hydraulikpumpen in den besten H\u00e4nden sind.<\/p>\n\n\n\n<p>Vertrauen Sie auf unsere Erfahrung und sorgen Sie f\u00fcr eine reibungslose Funktion Ihrer Hydrauliksysteme. Kontaktieren Sie uns jetzt f\u00fcr eine gr\u00fcndliche Pr\u00fcfung und Reparatur Ihrer Hydraulikpumpen. Perfekte Leistung, die \u00fcberzeugt!<\/p>\n\n\n\n<figure class=\"is-layout-flex wp-block-gallery-1 wp-block-gallery has-nested-images columns-default is-cropped\">\n<figure class=\"wp-block-image size-large\"><img decoding=\"async\" loading=\"lazy\" width=\"547\" height=\"299\" data-id=\"1968\"  src=\"http:\/\/www.HydraulikProfi.com\/wp-content\/uploads\/2023\/11\/reparatur-pumpen-hydraulik-1.jpg\" alt=\"\" class=\"wp-image-1968\" srcset=\"http:\/\/www.HydraulikProfi.com\/wp-content\/uploads\/2023\/11\/reparatur-pumpen-hydraulik-1.jpg 547w, http:\/\/www.HydraulikProfi.com\/wp-content\/uploads\/2023\/11\/reparatur-pumpen-hydraulik-1-300x164.jpg 300w\" sizes=\"(max-width: 547px) 100vw, 547px\" \/><\/figure>\n\n\n\n<figure class=\"wp-block-image size-large\"><img decoding=\"async\" loading=\"lazy\" width=\"500\" height=\"300\" data-id=\"1969\"  src=\"http:\/\/www.HydraulikProfi.com\/wp-content\/uploads\/2023\/11\/reparatur-hydraulikpumpen.png\" alt=\"\" class=\"wp-image-1969\" srcset=\"http:\/\/www.HydraulikProfi.com\/wp-content\/uploads\/2023\/11\/reparatur-hydraulikpumpen.png 500w, http:\/\/www.HydraulikProfi.com\/wp-content\/uploads\/2023\/11\/reparatur-hydraulikpumpen-300x180.png 300w\" sizes=\"(max-width: 500px) 100vw, 500px\" \/><\/figure>\n<\/figure>\n","protected":false},"excerpt":{"rendered":"<p>Tauchen Sie ein in die Welt der makellosen Hydraulikleistung! Wir bieten exzellente Pr\u00fcfung und Reparatur von Hydraulikpumpen, einschlie\u00dflich Radialkolbenpumpen, Axialkolbenpumpen und mehr, von allen f\u00fchrenden Herstellern. Warum uns w\u00e4hlen? \u2705 &#8230;<\/p>\n","protected":false},"author":1,"featured_media":0,"parent":0,"menu_order":0,"comment_status":"closed","ping_status":"closed","template":"","meta":[],"_links":{"self":[{"href":"https:\/\/www.HydraulikProfi.com\/index.php?rest_route=\/wp\/v2\/pages\/1935"}],"collection":[{"href":"https:\/\/www.HydraulikProfi.com\/index.php?rest_route=\/wp\/v2\/pages"}],"about":[{"href":"https:\/\/www.HydraulikProfi.com\/index.php?rest_route=\/wp\/v2\/types\/page"}],"author":[{"embeddable":true,"href":"https:\/\/www.HydraulikProfi.com\/index.php?rest_route=\/wp\/v2\/users\/1"}],"replies":[{"embeddable":true,"href":"https:\/\/www.HydraulikProfi.com\/index.php?rest_route=%2Fwp%2Fv2%2Fcomments&post=1935"}],"version-history":[{"count":3,"href":"https:\/\/www.HydraulikProfi.com\/index.php?rest_route=\/wp\/v2\/pages\/1935\/revisions"}],"predecessor-version":[{"id":1970,"href":"https:\/\/www.HydraulikProfi.com\/index.php?rest_route=\/wp\/v2\/pages\/1935\/revisions\/1970"}],"wp:attachment":[{"href":"https:\/\/www.HydraulikProfi.com\/index.php?rest_route=%2Fwp%2Fv2%2Fmedia&parent=1935"}],"curies":[{"name":"wp","href":"https:\/\/api.w.org\/{rel}","templated":true}]}}