{"id":1939,"date":"2023-11-30T13:41:13","date_gmt":"2023-11-30T12:41:13","guid":{"rendered":"http:\/\/www.HydraulikProfi.com\/?page_id=1939"},"modified":"2023-11-30T14:38:16","modified_gmt":"2023-11-30T13:38:16","slug":"pruefung-und-reparatur-von-zylindern","status":"publish","type":"page","link":"https:\/\/www.HydraulikProfi.com\/?page_id=1939","title":{"rendered":"Pr\u00fcfung und Reparatur von Zylindern"},"content":{"rendered":"\n<p>Willkommen im Herzst\u00fcck der Kraft: Entdecken Sie unsere exzellenten Dienstleistungen f\u00fcr die Pr\u00fcfung und Reparatur von Zylindern!<\/p>\n\n\n\n<p><strong>Warum auf uns vertrauen?<\/strong><\/p>\n\n\n\n<p>\u2705 <em><strong>Fachliche Exzellenz<\/strong>:<\/em> Unsere erfahrenen Techniker bringen umfassendes Know-how in die Pr\u00fcfung und Reparatur von Zylindern jeder Art und Gr\u00f6\u00dfe mit. Verlassen Sie sich auf Experten, die ihr Handwerk verstehen.<\/p>\n\n\n\n<p>\u2705 <em><strong>Leistungssteigerung<\/strong>:<\/em> Optimieren Sie die Kraft Ihrer Anlagen durch unsere gr\u00fcndlichen Pr\u00fcfungen und hochwertigen Reparaturen von Zylindern. Maximieren Sie die Effizienz und Zuverl\u00e4ssigkeit Ihrer Hydrauliksysteme.<\/p>\n\n\n\n<p>\u2705 <em><strong>Kosteneffizienz<\/strong>:<\/em> Qualit\u00e4t muss nicht teuer sein. Mit uns erhalten Sie nicht nur erstklassige Reparaturen, sondern auch ein unschlagbares Preis-Leistungs-Verh\u00e4ltnis. Sparen Sie Kosten, ohne auf h\u00f6chste Standards zu verzichten.<\/p>\n\n\n\n<p>\u2705 <em><strong>Zeitersparnis<\/strong>:<\/em> Unsere Experten arbeiten effizient, um Ihre Zylinder schnell zu pr\u00fcfen und zu reparieren. Minimieren Sie Ausfallzeiten und halten Sie Ihre Anlagen kontinuierlich in Bewegung.<\/p>\n\n\n\n<p>\u2705 <em><strong>Ganzheitliche Betreuung<\/strong>:<\/em> Von der gr\u00fcndlichen Diagnose bis zur abschlie\u00dfenden Reparatur bieten wir einen umfassenden Service. Ihre Zylinder sind bei uns in den besten H\u00e4nden.<\/p>\n\n\n\n<p>Vertrauen Sie auf unsere Erfahrung und sorgen Sie f\u00fcr eine reibungslose Funktion Ihrer Hydrauliksysteme. Kontaktieren Sie uns jetzt f\u00fcr eine gr\u00fcndliche Pr\u00fcfung und Reparatur Ihrer Zylinder. Kraftvolle Leistung, die \u00fcberzeugt!<\/p>\n\n\n\n<figure class=\"is-layout-flex wp-block-gallery-1 wp-block-gallery has-nested-images columns-default is-cropped\">\n<figure class=\"wp-block-image size-large\"><img decoding=\"async\" loading=\"lazy\" width=\"400\" height=\"300\" data-id=\"1971\"  src=\"http:\/\/www.HydraulikProfi.com\/wp-content\/uploads\/2023\/11\/reparatur-hydraulik-zylinder.png\" alt=\"\" class=\"wp-image-1971\" srcset=\"http:\/\/www.HydraulikProfi.com\/wp-content\/uploads\/2023\/11\/reparatur-hydraulik-zylinder.png 400w, http:\/\/www.HydraulikProfi.com\/wp-content\/uploads\/2023\/11\/reparatur-hydraulik-zylinder-300x225.png 300w\" sizes=\"(max-width: 400px) 100vw, 400px\" \/><\/figure>\n\n\n\n<figure class=\"wp-block-image size-large\"><img decoding=\"async\" loading=\"lazy\" width=\"1024\" height=\"768\" data-id=\"1972\"  src=\"http:\/\/www.HydraulikProfi.com\/wp-content\/uploads\/2023\/11\/reparatur-zylinder-1024x768.png\" alt=\"\" class=\"wp-image-1972\" srcset=\"http:\/\/www.HydraulikProfi.com\/wp-content\/uploads\/2023\/11\/reparatur-zylinder-1024x768.png 1024w, http:\/\/www.HydraulikProfi.com\/wp-content\/uploads\/2023\/11\/reparatur-zylinder-300x225.png 300w, http:\/\/www.HydraulikProfi.com\/wp-content\/uploads\/2023\/11\/reparatur-zylinder-768x576.png 768w, http:\/\/www.HydraulikProfi.com\/wp-content\/uploads\/2023\/11\/reparatur-zylinder-1536x1152.png 1536w, http:\/\/www.HydraulikProfi.com\/wp-content\/uploads\/2023\/11\/reparatur-zylinder.png 1707w\" sizes=\"(max-width: 1024px) 100vw, 1024px\" \/><\/figure>\n<\/figure>\n","protected":false},"excerpt":{"rendered":"<p>Willkommen im Herzst\u00fcck der Kraft: Entdecken Sie unsere exzellenten Dienstleistungen f\u00fcr die Pr\u00fcfung und Reparatur von Zylindern! Warum auf uns vertrauen? \u2705 Fachliche Exzellenz: Unsere erfahrenen Techniker bringen umfassendes Know-how &#8230;<\/p>\n","protected":false},"author":1,"featured_media":0,"parent":0,"menu_order":0,"comment_status":"closed","ping_status":"closed","template":"","meta":[],"_links":{"self":[{"href":"https:\/\/www.HydraulikProfi.com\/index.php?rest_route=\/wp\/v2\/pages\/1939"}],"collection":[{"href":"https:\/\/www.HydraulikProfi.com\/index.php?rest_route=\/wp\/v2\/pages"}],"about":[{"href":"https:\/\/www.HydraulikProfi.com\/index.php?rest_route=\/wp\/v2\/types\/page"}],"author":[{"embeddable":true,"href":"https:\/\/www.HydraulikProfi.com\/index.php?rest_route=\/wp\/v2\/users\/1"}],"replies":[{"embeddable":true,"href":"https:\/\/www.HydraulikProfi.com\/index.php?rest_route=%2Fwp%2Fv2%2Fcomments&post=1939"}],"version-history":[{"count":3,"href":"https:\/\/www.HydraulikProfi.com\/index.php?rest_route=\/wp\/v2\/pages\/1939\/revisions"}],"predecessor-version":[{"id":1974,"href":"https:\/\/www.HydraulikProfi.com\/index.php?rest_route=\/wp\/v2\/pages\/1939\/revisions\/1974"}],"wp:attachment":[{"href":"https:\/\/www.HydraulikProfi.com\/index.php?rest_route=%2Fwp%2Fv2%2Fmedia&parent=1939"}],"curies":[{"name":"wp","href":"https:\/\/api.w.org\/{rel}","templated":true}]}}